{"id":82,"date":"2023-02-06T09:16:17","date_gmt":"2023-02-06T09:16:17","guid":{"rendered":"https:\/\/ackermann-ag.plesk01.tryit.ch\/wordpress\/?page_id=82"},"modified":"2023-06-22T12:05:49","modified_gmt":"2023-06-22T12:05:49","slug":"ueber-uns","status":"publish","type":"page","link":"https:\/\/ackermann-ag.ch\/wordpress\/ueber-uns\/","title":{"rendered":"\u00dcber uns"},"content":{"rendered":"\t\t<div data-elementor-type=\"wp-page\" data-elementor-id=\"82\" class=\"elementor elementor-82\" data-elementor-post-type=\"page\">\n\t\t\t\t<div class=\"elementor-element elementor-element-f427ea1 e-flex e-con-boxed e-con e-parent\" data-id=\"f427ea1\" data-element_type=\"container\" data-e-type=\"container\" data-settings=\"{&quot;background_background&quot;:&quot;classic&quot;}\">\n\t\t\t\t\t<div class=\"e-con-inner\">\n\t\t\t\t\t<\/div>\n\t\t\t\t<\/div>\n\t\t<div class=\"elementor-element elementor-element-0f9a58f e-flex e-con-boxed e-con e-parent\" data-id=\"0f9a58f\" data-element_type=\"container\" data-e-type=\"container\" data-settings=\"{&quot;background_background&quot;:&quot;classic&quot;}\">\n\t\t\t\t\t<div class=\"e-con-inner\">\n\t\t<div class=\"elementor-element elementor-element-1dbfadf e-con-full e-flex e-con e-child\" data-id=\"1dbfadf\" data-element_type=\"container\" data-e-type=\"container\">\n\t\t\t\t<div class=\"elementor-element elementor-element-5418628 elementor-widget elementor-widget-spacer\" data-id=\"5418628\" data-element_type=\"widget\" data-e-type=\"widget\" data-widget_type=\"spacer.default\">\n\t\t\t\t<div class=\"elementor-widget-container\">\n\t\t\t\t\t\t\t<div class=\"elementor-spacer\">\n\t\t\t<div class=\"elementor-spacer-inner\"><\/div>\n\t\t<\/div>\n\t\t\t\t\t\t<\/div>\n\t\t\t\t<\/div>\n\t\t\t\t<div class=\"elementor-element elementor-element-e128795 premium-title-color elementor-widget elementor-widget-premium-addon-title\" data-id=\"e128795\" data-element_type=\"widget\" data-e-type=\"widget\" data-widget_type=\"premium-addon-title.default\">\n\t\t\t\t<div class=\"elementor-widget-container\">\n\t\t\t\t\t\r\n\t\t<div class=\"premium-title-container style2\">\r\n\t\t\t<h2 class=\"premium-title-header premium-title-style2\">\r\n\t\t\t\t\r\n\t\t\t\t\r\n\t\t\t\t\t\t\t\t\t\t\t\t<span class=\"premium-title-text\">\r\n\t\t\t\t\t\u00dcber uns\t\t\t\t<\/span>\r\n\t\t\t\t\t\r\n\t\t\t\t\t\t\t\t\r\n\t\t\t\t\t\t\t<\/h2>\r\n\r\n\t\t<\/div>\r\n\r\n\t\t\t\t\t\t<\/div>\n\t\t\t\t<\/div>\n\t\t\t\t<div class=\"elementor-element elementor-element-046bdd6 premium-title-color elementor-widget elementor-widget-premium-addon-title\" data-id=\"046bdd6\" data-element_type=\"widget\" data-e-type=\"widget\" data-widget_type=\"premium-addon-title.default\">\n\t\t\t\t<div class=\"elementor-widget-container\">\n\t\t\t\t\t\r\n\t\t<div class=\"premium-title-container style2\">\r\n\t\t\t<h2 class=\"premium-title-header premium-title-style2\">\r\n\t\t\t\t\r\n\t\t\t\t\r\n\t\t\t\t\t\t\t\t\t\t\t\t<span class=\"premium-title-text\">\r\n\t\t\t\t\tSeit 1988 f\u00fcr Sie da.\t\t\t\t<\/span>\r\n\t\t\t\t\t\r\n\t\t\t\t\t\t\t\t\r\n\t\t\t\t\t\t\t<\/h2>\r\n\r\n\t\t<\/div>\r\n\r\n\t\t\t\t\t\t<\/div>\n\t\t\t\t<\/div>\n\t\t\t\t<\/div>\n\t\t<div class=\"elementor-element elementor-element-4f97e44 e-con-full e-flex e-con e-child\" data-id=\"4f97e44\" data-element_type=\"container\" data-e-type=\"container\">\n\t\t\t\t<div class=\"elementor-element elementor-element-2dcabc1 elementor-widget elementor-widget-spacer\" data-id=\"2dcabc1\" data-element_type=\"widget\" data-e-type=\"widget\" data-widget_type=\"spacer.default\">\n\t\t\t\t<div class=\"elementor-widget-container\">\n\t\t\t\t\t\t\t<div class=\"elementor-spacer\">\n\t\t\t<div class=\"elementor-spacer-inner\"><\/div>\n\t\t<\/div>\n\t\t\t\t\t\t<\/div>\n\t\t\t\t<\/div>\n\t\t\t\t<\/div>\n\t\t\t\t\t<\/div>\n\t\t\t\t<\/div>\n\t\t<div class=\"elementor-element elementor-element-35daace e-flex e-con-boxed e-con e-parent\" data-id=\"35daace\" data-element_type=\"container\" data-e-type=\"container\">\n\t\t\t\t\t<div class=\"e-con-inner\">\n\t\t<div class=\"elementor-element elementor-element-8956bbc e-con-full e-flex e-con e-child\" data-id=\"8956bbc\" data-element_type=\"container\" data-e-type=\"container\">\n\t\t\t\t<div class=\"elementor-element elementor-element-e7c0078 elementor-widget elementor-widget-text-editor\" data-id=\"e7c0078\" data-element_type=\"widget\" data-e-type=\"widget\" data-widget_type=\"text-editor.default\">\n\t\t\t\t<div class=\"elementor-widget-container\">\n\t\t\t\t\t\t\t\t\tGegr\u00fcndet wurde das Unternehmen als Einzelfirma von Alex und Ruth Ackermann, das im Jahre 1992 zu einer Aktiengesellschaft umfirmiert wurde. Im Jahre 2000 erfolgte die \u00dcbernahme der Burkhardt Haustechnik AG in Herzogenbuchsee. Seit 2006 ist unsere Firma Minergie Fachpartner.\t\t\t\t\t\t\t\t<\/div>\n\t\t\t\t<\/div>\n\t\t\t\t<div class=\"elementor-element elementor-element-76cbf74 elementor-widget elementor-widget-text-editor\" data-id=\"76cbf74\" data-element_type=\"widget\" data-e-type=\"widget\" data-widget_type=\"text-editor.default\">\n\t\t\t\t<div class=\"elementor-widget-container\">\n\t\t\t\t\t\t\t\t\tHeute sind wir ein fest verankertes Unternehmen in der Grossregion Olten, G\u00e4u und Oberaargau mit Sitz in Wolfwil und Herzogenbuchsee. Permanente Fort- und Weiterbildung und modernste Ausr\u00fcstung bef\u00e4higen unsere Mitarbeitenden ihre Arbeit qualitativ hochstehend und auf dem neusten Stand der Technik auszuf\u00fchren.\t\t\t\t\t\t\t\t<\/div>\n\t\t\t\t<\/div>\n\t\t\t\t<div class=\"elementor-element elementor-element-07f9029 elementor-widget elementor-widget-text-editor\" data-id=\"07f9029\" data-element_type=\"widget\" data-e-type=\"widget\" data-widget_type=\"text-editor.default\">\n\t\t\t\t<div class=\"elementor-widget-container\">\n\t\t\t\t\t\t\t\t\tUnser Erfolg basiert auf der ausgewiesenen Fachkompetenz, einem prompten Service und auf den Werten eines Familienbetriebes.\t\t\t\t\t\t\t\t<\/div>\n\t\t\t\t<\/div>\n\t\t\t\t<\/div>\n\t\t<div class=\"elementor-element elementor-element-80b68c7 e-con-full e-flex e-con e-child\" data-id=\"80b68c7\" data-element_type=\"container\" data-e-type=\"container\">\n\t\t\t\t<div class=\"elementor-element elementor-element-b9b795d elementor-widget elementor-widget-text-editor\" data-id=\"b9b795d\" data-element_type=\"widget\" data-e-type=\"widget\" data-widget_type=\"text-editor.default\">\n\t\t\t\t<div class=\"elementor-widget-container\">\n\t\t\t\t\t\t\t\t\tWir leben eine offene, ehrliche und famili\u00e4re Firmenkultur und bauen auf die langj\u00e4hrige Partnerschaft mit unseren Kunden. Das Fundament f\u00fcr beste Leistungen zu einem fairen Preis. Denn wir wissen: nur wenn Sie zufrieden sind empfehlen Sie uns weiter.\t\t\t\t\t\t\t\t<\/div>\n\t\t\t\t<\/div>\n\t\t\t\t<div class=\"elementor-element elementor-element-87c89ff elementor-widget elementor-widget-spacer\" data-id=\"87c89ff\" data-element_type=\"widget\" data-e-type=\"widget\" data-widget_type=\"spacer.default\">\n\t\t\t\t<div class=\"elementor-widget-container\">\n\t\t\t\t\t\t\t<div class=\"elementor-spacer\">\n\t\t\t<div class=\"elementor-spacer-inner\"><\/div>\n\t\t<\/div>\n\t\t\t\t\t\t<\/div>\n\t\t\t\t<\/div>\n\t\t\t\t<div class=\"elementor-element elementor-element-9d7cd2b elementor-widget elementor-widget-heading\" data-id=\"9d7cd2b\" data-element_type=\"widget\" data-e-type=\"widget\" data-widget_type=\"heading.default\">\n\t\t\t\t<div class=\"elementor-widget-container\">\n\t\t\t\t\t<h4 class=\"elementor-heading-title elementor-size-default\">Kennzahlen<\/h4>\t\t\t\t<\/div>\n\t\t\t\t<\/div>\n\t\t\t\t<div class=\"elementor-element elementor-element-54f7522 elementor-widget elementor-widget-text-editor\" data-id=\"54f7522\" data-element_type=\"widget\" data-e-type=\"widget\" data-widget_type=\"text-editor.default\">\n\t\t\t\t<div class=\"elementor-widget-container\">\n\t\t\t\t\t\t\t\t\t<p>Gr\u00fcndung: 1988<br \/>Gesellschaftsform: AG seit 1992<br \/>Mitarbeitende: 56, Stand 2021<br \/>Lehrlinge: 3<br \/>Hauptsitz: Wolfwil<br \/>Zweigstelle: Herzogenbuchsee<\/p>\t\t\t\t\t\t\t\t<\/div>\n\t\t\t\t<\/div>\n\t\t\t\t<\/div>\n\t\t\t\t\t<\/div>\n\t\t\t\t<\/div>\n\t\t<div class=\"elementor-element elementor-element-5df5bbb e-flex e-con-boxed e-con e-parent\" data-id=\"5df5bbb\" data-element_type=\"container\" data-e-type=\"container\" data-settings=\"{&quot;background_background&quot;:&quot;classic&quot;}\">\n\t\t\t\t\t<div class=\"e-con-inner\">\n\t\t\t\t\t<\/div>\n\t\t\t\t<\/div>\n\t\t\t\t<\/div>\n\t\t","protected":false},"excerpt":{"rendered":"<p>\u00dcber uns Seit 1988 f\u00fcr Sie da. Gegr\u00fcndet wurde das Unternehmen als Einzelfirma von Alex und Ruth Ackermann, das im Jahre 1992 zu einer Aktiengesellschaft umfirmiert wurde. Im Jahre 2000 erfolgte die \u00dcbernahme der Burkhardt Haustechnik AG in Herzogenbuchsee. Seit 2006 ist unsere Firma Minergie Fachpartner.Heute sind wir ein fest verankertes Unternehmen in der Grossregion [&hellip;]<\/p>\n","protected":false},"author":1,"featured_media":0,"parent":0,"menu_order":0,"comment_status":"closed","ping_status":"closed","template":"","meta":{"inline_featured_image":false,"footnotes":""},"class_list":["post-82","page","type-page","status-publish","hentry"],"yoast_head":"<!-- This site is optimized with the Yoast SEO plugin v27.0 - https:\/\/yoast.com\/product\/yoast-seo-wordpress\/ -->\n<title>\u00dcber uns |<\/title>\n<meta name=\"description\" content=\"Die Alex Ackermann AG ist seit 1988 mit ausgewiesener Fachkompetenz und einem prompten Service f\u00fcr Sie da \u2013 Seit 2006 Minergie-Fachpartner.\" \/>\n<meta name=\"robots\" content=\"index, follow, max-snippet:-1, max-image-preview:large, max-video-preview:-1\" \/>\n<link rel=\"canonical\" href=\"https:\/\/ackermann-ag.ch\/wordpress\/ueber-uns\/\" \/>\n<meta property=\"og:locale\" content=\"de_DE\" \/>\n<meta property=\"og:type\" content=\"article\" \/>\n<meta property=\"og:title\" content=\"\u00dcber uns |\" \/>\n<meta property=\"og:description\" content=\"Die Alex Ackermann AG ist seit 1988 mit ausgewiesener Fachkompetenz und einem prompten Service f\u00fcr Sie da \u2013 Seit 2006 Minergie-Fachpartner.\" \/>\n<meta property=\"og:url\" content=\"https:\/\/ackermann-ag.ch\/wordpress\/ueber-uns\/\" \/>\n<meta property=\"article:modified_time\" content=\"2023-06-22T12:05:49+00:00\" \/>\n<meta name=\"twitter:card\" content=\"summary_large_image\" \/>\n<meta name=\"twitter:label1\" content=\"Gesch\u00e4tzte Lesezeit\" \/>\n\t<meta name=\"twitter:data1\" content=\"1\u00a0Minute\" \/>\n<script type=\"application\/ld+json\" class=\"yoast-schema-graph\">{\"@context\":\"https:\/\/schema.org\",\"@graph\":[{\"@type\":\"WebPage\",\"@id\":\"https:\/\/ackermann-ag.ch\/wordpress\/ueber-uns\/\",\"url\":\"https:\/\/ackermann-ag.ch\/wordpress\/ueber-uns\/\",\"name\":\"\u00dcber uns |\",\"isPartOf\":{\"@id\":\"https:\/\/ackermann-ag.ch\/wordpress\/#website\"},\"datePublished\":\"2023-02-06T09:16:17+00:00\",\"dateModified\":\"2023-06-22T12:05:49+00:00\",\"description\":\"Die Alex Ackermann AG ist seit 1988 mit ausgewiesener Fachkompetenz und einem prompten Service f\u00fcr Sie da \u2013 Seit 2006 Minergie-Fachpartner.\",\"breadcrumb\":{\"@id\":\"https:\/\/ackermann-ag.ch\/wordpress\/ueber-uns\/#breadcrumb\"},\"inLanguage\":\"de\",\"potentialAction\":[{\"@type\":\"ReadAction\",\"target\":[\"https:\/\/ackermann-ag.ch\/wordpress\/ueber-uns\/\"]}]},{\"@type\":\"BreadcrumbList\",\"@id\":\"https:\/\/ackermann-ag.ch\/wordpress\/ueber-uns\/#breadcrumb\",\"itemListElement\":[{\"@type\":\"ListItem\",\"position\":1,\"name\":\"Startseite\",\"item\":\"https:\/\/ackermann-ag.ch\/wordpress\/\"},{\"@type\":\"ListItem\",\"position\":2,\"name\":\"\u00dcber uns\"}]},{\"@type\":\"WebSite\",\"@id\":\"https:\/\/ackermann-ag.ch\/wordpress\/#website\",\"url\":\"https:\/\/ackermann-ag.ch\/wordpress\/\",\"name\":\"Alex Ackermann AG\",\"description\":\"Ihr Fachmann f\u00fcr Installation und Service\",\"publisher\":{\"@id\":\"https:\/\/ackermann-ag.ch\/wordpress\/#organization\"},\"alternateName\":\"Alex Ackermann AG\",\"potentialAction\":[{\"@type\":\"SearchAction\",\"target\":{\"@type\":\"EntryPoint\",\"urlTemplate\":\"https:\/\/ackermann-ag.ch\/wordpress\/?s={search_term_string}\"},\"query-input\":{\"@type\":\"PropertyValueSpecification\",\"valueRequired\":true,\"valueName\":\"search_term_string\"}}],\"inLanguage\":\"de\"},{\"@type\":\"Organization\",\"@id\":\"https:\/\/ackermann-ag.ch\/wordpress\/#organization\",\"name\":\"Alex Ackermann AG\",\"alternateName\":\"Alex Ackermann AG\",\"url\":\"https:\/\/ackermann-ag.ch\/wordpress\/\",\"logo\":{\"@type\":\"ImageObject\",\"inLanguage\":\"de\",\"@id\":\"https:\/\/ackermann-ag.ch\/wordpress\/#\/schema\/logo\/image\/\",\"url\":\"https:\/\/ackermann-ag.ch\/wordpress\/wp-content\/uploads\/2023\/02\/AlexAckermann_Logo_2023.svg\",\"contentUrl\":\"https:\/\/ackermann-ag.ch\/wordpress\/wp-content\/uploads\/2023\/02\/AlexAckermann_Logo_2023.svg\",\"width\":361,\"height\":117,\"caption\":\"Alex Ackermann AG\"},\"image\":{\"@id\":\"https:\/\/ackermann-ag.ch\/wordpress\/#\/schema\/logo\/image\/\"}}]}<\/script>\n<!-- \/ Yoast SEO plugin. -->","yoast_head_json":{"title":"\u00dcber uns |","description":"Die Alex Ackermann AG ist seit 1988 mit ausgewiesener Fachkompetenz und einem prompten Service f\u00fcr Sie da \u2013 Seit 2006 Minergie-Fachpartner.","robots":{"index":"index","follow":"follow","max-snippet":"max-snippet:-1","max-image-preview":"max-image-preview:large","max-video-preview":"max-video-preview:-1"},"canonical":"https:\/\/ackermann-ag.ch\/wordpress\/ueber-uns\/","og_locale":"de_DE","og_type":"article","og_title":"\u00dcber uns |","og_description":"Die Alex Ackermann AG ist seit 1988 mit ausgewiesener Fachkompetenz und einem prompten Service f\u00fcr Sie da \u2013 Seit 2006 Minergie-Fachpartner.","og_url":"https:\/\/ackermann-ag.ch\/wordpress\/ueber-uns\/","article_modified_time":"2023-06-22T12:05:49+00:00","twitter_card":"summary_large_image","twitter_misc":{"Gesch\u00e4tzte Lesezeit":"1\u00a0Minute"},"schema":{"@context":"https:\/\/schema.org","@graph":[{"@type":"WebPage","@id":"https:\/\/ackermann-ag.ch\/wordpress\/ueber-uns\/","url":"https:\/\/ackermann-ag.ch\/wordpress\/ueber-uns\/","name":"\u00dcber uns |","isPartOf":{"@id":"https:\/\/ackermann-ag.ch\/wordpress\/#website"},"datePublished":"2023-02-06T09:16:17+00:00","dateModified":"2023-06-22T12:05:49+00:00","description":"Die Alex Ackermann AG ist seit 1988 mit ausgewiesener Fachkompetenz und einem prompten Service f\u00fcr Sie da \u2013 Seit 2006 Minergie-Fachpartner.","breadcrumb":{"@id":"https:\/\/ackermann-ag.ch\/wordpress\/ueber-uns\/#breadcrumb"},"inLanguage":"de","potentialAction":[{"@type":"ReadAction","target":["https:\/\/ackermann-ag.ch\/wordpress\/ueber-uns\/"]}]},{"@type":"BreadcrumbList","@id":"https:\/\/ackermann-ag.ch\/wordpress\/ueber-uns\/#breadcrumb","itemListElement":[{"@type":"ListItem","position":1,"name":"Startseite","item":"https:\/\/ackermann-ag.ch\/wordpress\/"},{"@type":"ListItem","position":2,"name":"\u00dcber uns"}]},{"@type":"WebSite","@id":"https:\/\/ackermann-ag.ch\/wordpress\/#website","url":"https:\/\/ackermann-ag.ch\/wordpress\/","name":"Alex Ackermann AG","description":"Ihr Fachmann f\u00fcr Installation und Service","publisher":{"@id":"https:\/\/ackermann-ag.ch\/wordpress\/#organization"},"alternateName":"Alex Ackermann AG","potentialAction":[{"@type":"SearchAction","target":{"@type":"EntryPoint","urlTemplate":"https:\/\/ackermann-ag.ch\/wordpress\/?s={search_term_string}"},"query-input":{"@type":"PropertyValueSpecification","valueRequired":true,"valueName":"search_term_string"}}],"inLanguage":"de"},{"@type":"Organization","@id":"https:\/\/ackermann-ag.ch\/wordpress\/#organization","name":"Alex Ackermann AG","alternateName":"Alex Ackermann AG","url":"https:\/\/ackermann-ag.ch\/wordpress\/","logo":{"@type":"ImageObject","inLanguage":"de","@id":"https:\/\/ackermann-ag.ch\/wordpress\/#\/schema\/logo\/image\/","url":"https:\/\/ackermann-ag.ch\/wordpress\/wp-content\/uploads\/2023\/02\/AlexAckermann_Logo_2023.svg","contentUrl":"https:\/\/ackermann-ag.ch\/wordpress\/wp-content\/uploads\/2023\/02\/AlexAckermann_Logo_2023.svg","width":361,"height":117,"caption":"Alex Ackermann AG"},"image":{"@id":"https:\/\/ackermann-ag.ch\/wordpress\/#\/schema\/logo\/image\/"}}]}},"_links":{"self":[{"href":"https:\/\/ackermann-ag.ch\/wordpress\/wp-json\/wp\/v2\/pages\/82","targetHints":{"allow":["GET"]}}],"collection":[{"href":"https:\/\/ackermann-ag.ch\/wordpress\/wp-json\/wp\/v2\/pages"}],"about":[{"href":"https:\/\/ackermann-ag.ch\/wordpress\/wp-json\/wp\/v2\/types\/page"}],"author":[{"embeddable":true,"href":"https:\/\/ackermann-ag.ch\/wordpress\/wp-json\/wp\/v2\/users\/1"}],"replies":[{"embeddable":true,"href":"https:\/\/ackermann-ag.ch\/wordpress\/wp-json\/wp\/v2\/comments?post=82"}],"version-history":[{"count":0,"href":"https:\/\/ackermann-ag.ch\/wordpress\/wp-json\/wp\/v2\/pages\/82\/revisions"}],"wp:attachment":[{"href":"https:\/\/ackermann-ag.ch\/wordpress\/wp-json\/wp\/v2\/media?parent=82"}],"curies":[{"name":"wp","href":"https:\/\/api.w.org\/{rel}","templated":true}]}}